{"id":155,"date":"2025-10-07T13:55:54","date_gmt":"2025-10-07T11:55:54","guid":{"rendered":"https:\/\/sfx-innovations.com\/?page_id=155"},"modified":"2025-10-29T15:57:50","modified_gmt":"2025-10-29T14:57:50","slug":"elementor-155","status":"publish","type":"page","link":"https:\/\/sfx-innovations.com\/","title":{"rendered":"Accueil"},"content":{"rendered":"\t\t<div data-elementor-type=\"wp-page\" data-elementor-id=\"155\" class=\"elementor elementor-155\">\n\t\t\t\t<div class=\"elementor-element elementor-element-f713778 e-flex e-con-boxed e-con e-parent\" data-id=\"f713778\" data-element_type=\"container\" data-e-type=\"container\" data-settings=\"{&quot;background_background&quot;:&quot;classic&quot;}\">\n\t\t\t\t\t<div class=\"e-con-inner\">\n\t\t<div class=\"elementor-element elementor-element-513abec e-con-full e-flex e-con e-child\" data-id=\"513abec\" data-element_type=\"container\" data-e-type=\"container\">\n\t\t\t\t<div class=\"elementor-element elementor-element-ac4e417 elementor-widget elementor-widget-image\" data-id=\"ac4e417\" data-element_type=\"widget\" data-e-type=\"widget\" data-widget_type=\"image.default\">\n\t\t\t\t\t\t\t\t\t\t\t\t\t\t\t<img fetchpriority=\"high\" decoding=\"async\" width=\"881\" height=\"1024\" src=\"https:\/\/sfx-innovations.com\/wp-content\/uploads\/2024\/09\/jean-jacques-topalian-ingenieur-chercheur-en-robotique-881x1024.jpg\" class=\"attachment-large size-large wp-image-57\" alt=\"\" srcset=\"https:\/\/sfx-innovations.com\/wp-content\/uploads\/2024\/09\/jean-jacques-topalian-ingenieur-chercheur-en-robotique-881x1024.jpg 881w, https:\/\/sfx-innovations.com\/wp-content\/uploads\/2024\/09\/jean-jacques-topalian-ingenieur-chercheur-en-robotique-258x300.jpg 258w, https:\/\/sfx-innovations.com\/wp-content\/uploads\/2024\/09\/jean-jacques-topalian-ingenieur-chercheur-en-robotique-768x893.jpg 768w, https:\/\/sfx-innovations.com\/wp-content\/uploads\/2024\/09\/jean-jacques-topalian-ingenieur-chercheur-en-robotique-1321x1536.jpg 1321w, https:\/\/sfx-innovations.com\/wp-content\/uploads\/2024\/09\/jean-jacques-topalian-ingenieur-chercheur-en-robotique.jpg 1376w\" sizes=\"100vw\" \/>\t\t\t\t\t\t\t\t\t\t\t\t\t\t\t<\/div>\n\t\t\t\t<\/div>\n\t\t<div class=\"elementor-element elementor-element-3f9aff3 e-con-full e-flex e-con e-child\" data-id=\"3f9aff3\" data-element_type=\"container\" data-e-type=\"container\">\n\t\t\t\t<div class=\"elementor-element elementor-element-6f7f5bb elementor-widget elementor-widget-heading\" data-id=\"6f7f5bb\" data-element_type=\"widget\" data-e-type=\"widget\" data-widget_type=\"heading.default\">\n\t\t\t\t\t<h2 class=\"elementor-heading-title elementor-size-default\">Notre histoire<\/h2>\t\t\t\t<\/div>\n\t\t\t\t<div class=\"elementor-element elementor-element-2667a29 elementor-widget elementor-widget-text-editor\" data-id=\"2667a29\" data-element_type=\"widget\" data-e-type=\"widget\" data-widget_type=\"text-editor.default\">\n\t\t\t\t\t\t\t\t\t<p>Jean-Jacques TOPALIAN ing\u00e9nieur en robotique.<\/p>\n<p class=\"wp-block-heading has-text-align-center is-style-default\">Sp\u00e9cialiste de la robotique terrestre \u2013 20 ans d\u2019innovation au service de la performance.<\/p>\t\t\t\t\t\t\t\t<\/div>\n\t\t\t\t<\/div>\n\t\t\t\t\t<\/div>\n\t\t\t\t<\/div>\n\t\t<div class=\"elementor-element elementor-element-3f808e6 e-flex e-con-boxed e-con e-parent\" data-id=\"3f808e6\" data-element_type=\"container\" data-e-type=\"container\" data-settings=\"{&quot;background_background&quot;:&quot;classic&quot;}\">\n\t\t\t\t\t<div class=\"e-con-inner\">\n\t\t\t\t<div class=\"elementor-element elementor-element-e3dad20 elementor-widget elementor-widget-text-editor\" data-id=\"e3dad20\" data-element_type=\"widget\" data-e-type=\"widget\" data-widget_type=\"text-editor.default\">\n\t\t\t\t\t\t\t\t\t<p>SFX Innovation est une entreprise andorrane experte en robotique terrestre, forte de deux d\u00e9cennies d\u2019exp\u00e9rience dans la conception, le d\u00e9veloppement et la fabrication de solutions robotiques sur mesure.<\/p><p>Nous intervenons \u00e0 chaque \u00e9tape du projet, de l\u2019\u00e9tude \u00e0 la r\u00e9alisation, avec une ma\u00eetrise compl\u00e8te de la cha\u00eene de production, incluant l\u2019usinage des pi\u00e8ces m\u00e9caniques et l\u2019int\u00e9gration des syst\u00e8mes intelligents.<\/p>\t\t\t\t\t\t\t\t<\/div>\n\t\t\t\t<div class=\"elementor-element elementor-element-2d80779 elementor-widget elementor-widget-image\" data-id=\"2d80779\" data-element_type=\"widget\" data-e-type=\"widget\" data-widget_type=\"image.default\">\n\t\t\t\t\t\t\t\t\t\t\t\t\t\t\t<img decoding=\"async\" width=\"1024\" height=\"526\" src=\"https:\/\/sfx-innovations.com\/wp-content\/uploads\/2025\/08\/ROBOT-ROUE-PV-4l-1024x526.png\" class=\"attachment-large size-large wp-image-141\" alt=\"\" srcset=\"https:\/\/sfx-innovations.com\/wp-content\/uploads\/2025\/08\/ROBOT-ROUE-PV-4l-1024x526.png 1024w, https:\/\/sfx-innovations.com\/wp-content\/uploads\/2025\/08\/ROBOT-ROUE-PV-4l-300x154.png 300w, https:\/\/sfx-innovations.com\/wp-content\/uploads\/2025\/08\/ROBOT-ROUE-PV-4l-768x394.png 768w, https:\/\/sfx-innovations.com\/wp-content\/uploads\/2025\/08\/ROBOT-ROUE-PV-4l-1536x789.png 1536w, https:\/\/sfx-innovations.com\/wp-content\/uploads\/2025\/08\/ROBOT-ROUE-PV-4l-2048x1052.png 2048w, https:\/\/sfx-innovations.com\/wp-content\/uploads\/2025\/08\/ROBOT-ROUE-PV-4l-scaled-2000x1027.png 2000w\" sizes=\"100vw\" \/>\t\t\t\t\t\t\t\t\t\t\t\t\t\t\t<\/div>\n\t\t\t\t\t<\/div>\n\t\t\t\t<\/div>\n\t\t<div class=\"elementor-element elementor-element-520f872 e-flex e-con-boxed e-con e-parent\" data-id=\"520f872\" data-element_type=\"container\" data-e-type=\"container\">\n\t\t\t\t\t<div class=\"e-con-inner\">\n\t\t\t\t<div class=\"elementor-element elementor-element-3ff5d1f elementor-widget elementor-widget-heading\" data-id=\"3ff5d1f\" data-element_type=\"widget\" data-e-type=\"widget\" data-widget_type=\"heading.default\">\n\t\t\t\t\t<h2 class=\"elementor-heading-title elementor-size-default\">Nos Missions<\/h2>\t\t\t\t<\/div>\n\t\t\t\t<div class=\"elementor-element elementor-element-6f37a74 elementor-widget elementor-widget-text-editor\" data-id=\"6f37a74\" data-element_type=\"widget\" data-e-type=\"widget\" data-widget_type=\"text-editor.default\">\n\t\t\t\t\t\t\t\t\t<p class=\"p1\">\u2022 Recherche &amp; D\u00e9veloppement : Exploration de nouvelles technologies pour concevoir des robots toujours plus performants, polyvalents et fiables.<\/p><p class=\"p1\">\u2022 \u00c9tudes &amp; Faisabilit\u00e9 : \u00c9valuation approfondie de chaque projet : analyse des besoins, contraintes techniques, co\u00fbts, d\u00e9lais et objectifs de performance.<\/p><p class=\"p1\">\u2022 Conception &amp; Prototypage : D\u00e9veloppement de robots innovants adapt\u00e9s aux environnements complexes, avec mod\u00e9lisation 3D, usinage de pr\u00e9cision et int\u00e9gration compl\u00e8te.<\/p><p class=\"p1\">\u2022 Optimisation &amp; Am\u00e9lioration continue : Am\u00e9lioration des solutions existantes, fiabilisation des syst\u00e8mes, gains de productivit\u00e9, et innovation permanente au service des utilisateurs.<\/p>\t\t\t\t\t\t\t\t<\/div>\n\t\t\t\t<div class=\"elementor-element elementor-element-a381cc6 elementor-widget elementor-widget-image\" data-id=\"a381cc6\" data-element_type=\"widget\" data-e-type=\"widget\" data-widget_type=\"image.default\">\n\t\t\t\t\t\t\t\t\t\t\t\t\t\t\t<img decoding=\"async\" width=\"768\" height=\"466\" src=\"https:\/\/sfx-innovations.com\/wp-content\/uploads\/2025\/08\/SINGUBOT-GEN-2-768x466.png\" class=\"attachment-medium_large size-medium_large wp-image-133\" alt=\"\" srcset=\"https:\/\/sfx-innovations.com\/wp-content\/uploads\/2025\/08\/SINGUBOT-GEN-2-768x466.png 768w, https:\/\/sfx-innovations.com\/wp-content\/uploads\/2025\/08\/SINGUBOT-GEN-2-300x182.png 300w, https:\/\/sfx-innovations.com\/wp-content\/uploads\/2025\/08\/SINGUBOT-GEN-2-1024x621.png 1024w, https:\/\/sfx-innovations.com\/wp-content\/uploads\/2025\/08\/SINGUBOT-GEN-2-1536x931.png 1536w, https:\/\/sfx-innovations.com\/wp-content\/uploads\/2025\/08\/SINGUBOT-GEN-2-2048x1242.png 2048w, https:\/\/sfx-innovations.com\/wp-content\/uploads\/2025\/08\/SINGUBOT-GEN-2-scaled-2000x1213.png 2000w\" sizes=\"100vw\" \/>\t\t\t\t\t\t\t\t\t\t\t\t\t\t\t<\/div>\n\t\t\t\t\t<\/div>\n\t\t\t\t<\/div>\n\t\t<div class=\"elementor-element elementor-element-a0f7d36 e-flex e-con-boxed e-con e-parent\" data-id=\"a0f7d36\" data-element_type=\"container\" data-e-type=\"container\">\n\t\t\t\t\t<div class=\"e-con-inner\">\n\t\t\t\t<div class=\"elementor-element elementor-element-ca1e856 elementor-widget elementor-widget-heading\" data-id=\"ca1e856\" data-element_type=\"widget\" data-e-type=\"widget\" data-widget_type=\"heading.default\">\n\t\t\t\t\t<h2 class=\"elementor-heading-title elementor-size-default\">\"Le meilleur moyen de pr\u00e9voir le futur, c'est de le cr\u00e9er.\"<\/h2>\t\t\t\t<\/div>\n\t\t\t\t\t<\/div>\n\t\t\t\t<\/div>\n\t\t<div class=\"elementor-element elementor-element-62433be e-flex e-con-boxed e-con e-parent\" data-id=\"62433be\" data-element_type=\"container\" data-e-type=\"container\">\n\t\t\t\t\t<div class=\"e-con-inner\">\n\t\t\t\t<div class=\"elementor-element elementor-element-66e848f elementor-widget elementor-widget-heading\" data-id=\"66e848f\" data-element_type=\"widget\" data-e-type=\"widget\" data-widget_type=\"heading.default\">\n\t\t\t\t\t<h2 class=\"elementor-heading-title elementor-size-default\">Actualit\u00e9s<\/h2>\t\t\t\t<\/div>\n\t\t\t\t\t<\/div>\n\t\t\t\t<\/div>\n\t\t<div class=\"elementor-element elementor-element-aeb1d37 e-flex e-con-boxed e-con e-parent\" data-id=\"aeb1d37\" data-element_type=\"container\" data-e-type=\"container\">\n\t\t\t\t\t<div class=\"e-con-inner\">\n\t\t<div class=\"elementor-element elementor-element-e5376ab e-con-full e-flex e-con e-child\" data-id=\"e5376ab\" data-element_type=\"container\" data-e-type=\"container\">\n\t\t\t\t<div class=\"elementor-element elementor-element-df17250 elementor-widget elementor-widget-image\" data-id=\"df17250\" data-element_type=\"widget\" data-e-type=\"widget\" data-widget_type=\"image.default\">\n\t\t\t\t\t\t\t\t\t\t\t\t\t\t\t<img loading=\"lazy\" decoding=\"async\" width=\"1024\" height=\"670\" src=\"https:\/\/sfx-innovations.com\/wp-content\/uploads\/2025\/10\/Capture-decran-2025-10-07-a-16.04.04-1024x670.png\" class=\"attachment-large size-large wp-image-181\" alt=\"\" srcset=\"https:\/\/sfx-innovations.com\/wp-content\/uploads\/2025\/10\/Capture-decran-2025-10-07-a-16.04.04-1024x670.png 1024w, https:\/\/sfx-innovations.com\/wp-content\/uploads\/2025\/10\/Capture-decran-2025-10-07-a-16.04.04-300x196.png 300w, https:\/\/sfx-innovations.com\/wp-content\/uploads\/2025\/10\/Capture-decran-2025-10-07-a-16.04.04-2000x1309.png 2000w, https:\/\/sfx-innovations.com\/wp-content\/uploads\/2025\/10\/Capture-decran-2025-10-07-a-16.04.04-1536x1005.png 1536w, https:\/\/sfx-innovations.com\/wp-content\/uploads\/2025\/10\/Capture-decran-2025-10-07-a-16.04.04-2048x1341.png 2048w\" sizes=\"100vw\" \/>\t\t\t\t\t\t\t\t\t\t\t\t\t\t\t<\/div>\n\t\t\t\t<div class=\"elementor-element elementor-element-ca4c9be elementor-align-center elementor-widget elementor-widget-button\" data-id=\"ca4c9be\" data-element_type=\"widget\" data-e-type=\"widget\" data-widget_type=\"button.default\">\n\t\t\t\t\t\t\t\t\t\t<a class=\"elementor-button elementor-button-link elementor-size-sm\" href=\"https:\/\/medium.com\/@jeanjacquestopalian\" target=\"_blank\" rel=\"noopener\">\n\t\t\t\t\t\t<span class=\"elementor-button-content-wrapper\">\n\t\t\t\t\t\t\t\t\t<span class=\"elementor-button-text\">Click here<\/span>\n\t\t\t\t\t<\/span>\n\t\t\t\t\t<\/a>\n\t\t\t\t\t\t\t\t<\/div>\n\t\t\t\t<\/div>\n\t\t<div class=\"elementor-element elementor-element-74130c1 e-con-full e-flex e-con e-child\" data-id=\"74130c1\" data-element_type=\"container\" data-e-type=\"container\">\n\t\t\t\t<div class=\"elementor-element elementor-element-ba25cd0 elementor-widget elementor-widget-image\" data-id=\"ba25cd0\" data-element_type=\"widget\" data-e-type=\"widget\" data-widget_type=\"image.default\">\n\t\t\t\t\t\t\t\t\t\t\t\t\t\t\t<img loading=\"lazy\" decoding=\"async\" width=\"1024\" height=\"591\" src=\"https:\/\/sfx-innovations.com\/wp-content\/uploads\/2025\/10\/Capture-decran-2025-10-07-a-16.11.27-1024x591.png\" class=\"attachment-large size-large wp-image-182\" alt=\"\" srcset=\"https:\/\/sfx-innovations.com\/wp-content\/uploads\/2025\/10\/Capture-decran-2025-10-07-a-16.11.27-1024x591.png 1024w, https:\/\/sfx-innovations.com\/wp-content\/uploads\/2025\/10\/Capture-decran-2025-10-07-a-16.11.27-300x173.png 300w, https:\/\/sfx-innovations.com\/wp-content\/uploads\/2025\/10\/Capture-decran-2025-10-07-a-16.11.27-2000x1155.png 2000w, https:\/\/sfx-innovations.com\/wp-content\/uploads\/2025\/10\/Capture-decran-2025-10-07-a-16.11.27-scaled-2048x1182.png 2048w, https:\/\/sfx-innovations.com\/wp-content\/uploads\/2025\/10\/Capture-decran-2025-10-07-a-16.11.27-scaled-1536x887.png 1536w\" sizes=\"100vw\" \/>\t\t\t\t\t\t\t\t\t\t\t\t\t\t\t<\/div>\n\t\t\t\t<div class=\"elementor-element elementor-element-92d9c45 elementor-align-center elementor-widget elementor-widget-button\" data-id=\"92d9c45\" data-element_type=\"widget\" data-e-type=\"widget\" data-widget_type=\"button.default\">\n\t\t\t\t\t\t\t\t\t\t<a class=\"elementor-button elementor-button-link elementor-size-sm\" href=\"https:\/\/jeanjacquestopalian.com\/\" target=\"_blank\" rel=\"noopener\">\n\t\t\t\t\t\t<span class=\"elementor-button-content-wrapper\">\n\t\t\t\t\t\t\t\t\t<span class=\"elementor-button-text\">Click here<\/span>\n\t\t\t\t\t<\/span>\n\t\t\t\t\t<\/a>\n\t\t\t\t\t\t\t\t<\/div>\n\t\t\t\t<\/div>\n\t\t\t\t\t<\/div>\n\t\t\t\t<\/div>\n\t\t\t\t<\/div>\n\t\t","protected":false},"excerpt":{"rendered":"<p>Notre histoire Jean-Jacques TOPALIAN ing\u00e9nieur en robotique. Sp\u00e9cialiste de la robotique terrestre \u2013 20 ans d\u2019innovation au service de la performance. SFX Innovation est une entreprise andorrane experte en robotique terrestre, forte de deux d\u00e9cennies d\u2019exp\u00e9rience dans la conception, le d\u00e9veloppement et la fabrication de solutions robotiques sur mesure. Nous intervenons \u00e0 chaque \u00e9tape du &hellip; <\/p>\n<p class=\"link-more\"><a href=\"https:\/\/sfx-innovations.com\/\" class=\"more-link\">Lire la suite de<span class=\"screen-reader-text\">\u00ab\u00a0Accueil\u00a0\u00bb<\/span><\/a><\/p>\n","protected":false},"author":1,"featured_media":0,"parent":0,"menu_order":0,"comment_status":"closed","ping_status":"closed","template":"","meta":{"footnotes":""},"class_list":["post-155","page","type-page","status-publish","hentry"],"_links":{"self":[{"href":"https:\/\/sfx-innovations.com\/index.php\/wp-json\/wp\/v2\/pages\/155","targetHints":{"allow":["GET"]}}],"collection":[{"href":"https:\/\/sfx-innovations.com\/index.php\/wp-json\/wp\/v2\/pages"}],"about":[{"href":"https:\/\/sfx-innovations.com\/index.php\/wp-json\/wp\/v2\/types\/page"}],"author":[{"embeddable":true,"href":"https:\/\/sfx-innovations.com\/index.php\/wp-json\/wp\/v2\/users\/1"}],"replies":[{"embeddable":true,"href":"https:\/\/sfx-innovations.com\/index.php\/wp-json\/wp\/v2\/comments?post=155"}],"version-history":[{"count":53,"href":"https:\/\/sfx-innovations.com\/index.php\/wp-json\/wp\/v2\/pages\/155\/revisions"}],"predecessor-version":[{"id":221,"href":"https:\/\/sfx-innovations.com\/index.php\/wp-json\/wp\/v2\/pages\/155\/revisions\/221"}],"wp:attachment":[{"href":"https:\/\/sfx-innovations.com\/index.php\/wp-json\/wp\/v2\/media?parent=155"}],"curies":[{"name":"wp","href":"https:\/\/api.w.org\/{rel}","templated":true}]}}